{"id":3,"date":"2024-03-04T11:34:47","date_gmt":"2024-03-04T10:34:47","guid":{"rendered":"http:\/\/riona.fr\/?page_id=3"},"modified":"2025-07-30T22:05:08","modified_gmt":"2025-07-30T20:05:08","slug":"politique-de-confidentialite","status":"publish","type":"page","link":"https:\/\/riona.fr\/en\/politique-de-confidentialite\/","title":{"rendered":"Privacy Policy"},"content":{"rendered":"<div class=\"container cf\">\n<div id=\"shopify-section-template--19570118721869__main\" class=\"shopify-section page-section-spacing\">\n<div class=\"article\">\n<div class=\"main-page-block cc-animate-init -in cc-animate-complete\" data-cc-animate=\"\">\n<div class=\"page-header cf\">\n<h1 class=\"majortitle\">Privacy Policy<\/h1>\n<\/div>\n<div class=\"page-content\">\n<div class=\"rte\">\n<p class=\"p1\">Les donn\u00e9es personnelles recueillies aupr\u00e8s du Client sur le Site sont destin\u00e9es \u00e0 l&rsquo;usage exclusif de RIONA et de ses partenaires, en charge de la bonne ex\u00e9cution, du traitement et de la livraison de la commande.<\/p>\n<p class=\"p1\">Les informations et donn\u00e9es personnelles concernant le Client sont n\u00e9cessaires au traitement des commandes, \u00e0 la livraison de la commande et \u00e0 l&rsquo;\u00e9dition de la facture.<\/p>\n<p class=\"p1\">Dans le cadre du respect des lois Informatiques et Libert\u00e9s et en application de l\u2019article 27 de la loi 78-17 du 6 janvier 1978, RIONA s\u2019engage \u00e0 ne diffuser en aucun cas ces informations \u00e0 un tiers ou un quelconque organisme commercial.<\/p>\n<p class=\"p1\">le Client dispose d&rsquo;un droit total d&rsquo;acc\u00e8s, de modification, de rectification et de suppression des donn\u00e9es personnelles le concernant.<\/p>\n<p class=\"p1\">Pour faire valoir ce droit d&rsquo;acc\u00e8s, le Client peut envoyer un courriel au service client, \u00e0 l\u2019adresse suivante : client@riona.fr<\/p>\n<p class=\"p1\">Le Client est \u00e9galement inform\u00e9 que, dans le cadre de la lutte contre la fraude sur Internet, une v\u00e9rification sera effectu\u00e9e par les \u00e9tablissements bancaires et organismes de cartes de cr\u00e9dit via le syst\u00e8me PayPal. PayPal SARL &amp; Cie, S.C.A. est charg\u00e9e de la conservation et du traitement automatis\u00e9 des informations pour toutes commandes, y compris des coordonn\u00e9es bancaires, dans un environnement s\u00e9curis\u00e9.<\/p>\n<p class=\"p1\">Concernant les op\u00e9rations de traitement effectu\u00e9es par PayPal, le Client peut exercer son droit d\u2019acc\u00e8s, de rectification, d\u2019opposition (pour des motifs l\u00e9gitimes) et de suppression de ses donn\u00e9es personnelles, en adressant un courrier accompagn\u00e9 d\u2019une pi\u00e8ce d\u2019identit\u00e9 \u00e0 : PayPal S.A.R.L &amp; Cie, SCA (\u00ab PayPal Europe \u00bb) 22-24 Boulevard Royal L-2449 LUXEMBOURG (+352 \u2013 27 302 143).\u00a0<\/p>\n<p>Vous trouverez ci-dessous les d\u00e9tails concernant la collecte et le traitement des donn\u00e9es personnelles recueillies aupr\u00e8s du Client pendant sa navigation et toutes les \u00e9changes d&rsquo;informations.<\/p>\n<p><strong>Nature des donn\u00e9es collect\u00e9es et traitement des donn\u00e9es :<\/strong><\/p>\n<p>Les informations et donn\u00e9es personnelles concernant le Client qui sont n\u00e9cessaires au traitement des commandes, \u00e0 la bonne ex\u00e9cution de la livraison de la commande, et \u00e0 l&rsquo;\u00e9dition de la facture.<\/p>\n<p>Les d\u00e9tails des transactions de paiement effectu\u00e9es.<\/p>\n<p>Votre adresse IP et autres d\u00e9tails techniques de vos visites sur le site www.riona.fr seront susceptibles d\u2019\u00eatre enregistr\u00e9s.<\/p>\n<p>Nous utilisons des cookies qui sont des t\u00e9moins de connexion, ils nous fournissent des donn\u00e9es et des param\u00e8tres via votre navigateur internet. Ces donn\u00e9es n&rsquo;identifient pas une personne en particulier, ils sont d&rsquo;ordre technique nous permettant d&rsquo;am\u00e9liorer votre exp\u00e9rience de navigation, en sauvegardant vos pr\u00e9f\u00e9rences afin de faciliter votre acc\u00e8s au site. Le Client peut d\u00e9cider de refuser en d\u00e9sactivant les cookies, toutefois vous serez peut-\u00eatre incapables d\u2019acc\u00e9der \u00e0 certaines donn\u00e9es de notre site.\u00a0\u00a0<\/p>\n<p><strong>Vos donn\u00e9es personnelles sont communiqu\u00e9es \u00e0 nos partenaires seulement dans les cas suivants :<\/strong><\/p>\n<p>RIONA communique les informations et donn\u00e9es personnelles concernant le Client qui sont n\u00e9cessaires au traitement des commandes, \u00e0 la bonne ex\u00e9cution de la livraison de la commande, et \u00e0 l&rsquo;\u00e9dition de la facture.<\/p>\n<p>Dans le cadre de la lutte contre la fraude sur Internet, une v\u00e9rification sera effectu\u00e9e par les \u00e9tablissements bancaires et organismes de cartes de cr\u00e9dit des coordonn\u00e9es bancaires, dans un environnement s\u00e9curis\u00e9.<\/p>\n<p>RIONA communique vos donn\u00e9es personnelles \u00e0 des entreprises partenaires dans le traitement des paiements, dans un environnement s\u00e9curis\u00e9.<\/p>\n<p><strong>S\u00e9curit\u00e9 de vos donn\u00e9es :<\/strong><\/p>\n<p>RIONA prend des mesures de s\u00e9curisation des donn\u00e9es collect\u00e9es afin d&rsquo;\u00e9viter tout risque de pertes, ou de divulgation des donn\u00e9es \u00e0 des tiers.<\/p>\n<p>Cependant, le Client reconnait les contraintes et risques inh\u00e9rents \u00e0 l\u2019utilisation d\u2019Internet et s&rsquo;engage \u00e0 prendre les mesures pr\u00e9ventives pour conserver la confidentialit\u00e9 de ses donn\u00e9es personnelles comme ses identifiants et mot de passe lors de l\u2019utilisation des services propos\u00e9s par RIONA.<\/p>\n<p>Les donn\u00e9es personnelles du Client sont stock\u00e9es chez l&rsquo;h\u00e9bergeur, OVH.com, comme mentionn\u00e9 dans les Mentions L\u00e9gales, et sont conserv\u00e9es le temps de la bonne ex\u00e9cution, du traitement et de la livraison de la commande et du service client. Au-del\u00e0 de cette dur\u00e9e, elles seront conserv\u00e9es \u00e0 des fins statistiques.<\/p>\n<p><strong>Politique de confidentialit\u00e9 de soci\u00e9t\u00e9 tierces :<\/strong><\/p>\n<p>Le site www.fleuron.paris peut contenir des liens vers des sites Internet de soci\u00e9t\u00e9s tierces, comme l&rsquo;h\u00e9bergeur ou les \u00e9tablissements bancaires et organismes de carte de cr\u00e9dit et paiement s\u00e9curis\u00e9.<\/p>\n<p>RIONA ne peut \u00eatre tenue responsable des pratiques en mati\u00e8re de collecte, stockage et traitement des donn\u00e9es personnelles de ces soci\u00e9t\u00e9s tierces. Toute r\u00e9clamation, action, proc\u00e9dure devra \u00eatre adress\u00e9 directement aux soci\u00e9t\u00e9s tierces et non \u00e0 RIONA.<\/p>\n<p>Toutes questions concernant l&rsquo;utilisation de vos donn\u00e9es personnelles par ces soci\u00e9t\u00e9s tierces, devront \u00eatre adress\u00e9 directement \u00e0 ces soci\u00e9t\u00e9s tierces.\u00a0\u00a0<\/p>\n<p><strong>Vos droits :<\/strong><\/p>\n<p>Dans le cadre du respect des lois Informatiques et Libert\u00e9s et en application de l\u2019article 27 de la loi 78-17 du 6 janvier 1978, vous avez le droit d&rsquo;acc\u00e8s, de rectification \u00e0 vos donn\u00e9es personnelles, vous avez le droit de vous opposer \u00e0 l&rsquo;utilisation de vos donn\u00e9es \u00e0 des fins commerciales en nous adressant un courriel \u00e0 l\u2019adresse : client@riona.fr<\/p>\n<p><strong>Changement des politiques de confidentialit\u00e9 :<\/strong><\/p>\n<p>Les changements dans notre politique de protection des donn\u00e9es personnelles seront mis \u00e0 jour dans la rubrique des mentions l\u00e9gales et la rubrique de la protection des donn\u00e9es personnelles.<\/p>\n<p><strong>Contact :\u00a0\u00a0\u00a0\u00a0\u00a0\u00a0\u00a0 <\/strong><\/p>\n<p>Pour toutes questions, r\u00e9clamations ou commentaires relatifs au traitement de vos donn\u00e9es personnelles, nous vous invitons \u00e0 nous contacter par courriel \u00e0 : support@riona.fr<\/p>\n<\/div>\n<\/div>\n<\/div>\n<\/div>\n<\/div>\n<\/div>","protected":false},"excerpt":{"rendered":"<p>Politique de confidentialit\u00e9 Les donn\u00e9es personnelles recueillies aupr\u00e8s du Client sur le Site sont destin\u00e9es \u00e0 l&rsquo;usage exclusif de RIONA et de ses partenaires, en charge de la bonne ex\u00e9cution, du traitement et de la livraison de la commande. Les informations et donn\u00e9es personnelles concernant le Client sont n\u00e9cessaires au traitement des commandes, \u00e0 la&#8230;<\/p>","protected":false},"author":1,"featured_media":0,"parent":0,"menu_order":0,"comment_status":"closed","ping_status":"open","template":"","meta":{"_kad_post_transparent":"disable","_kad_post_title":"hide","_kad_post_layout":"normal","_kad_post_sidebar_id":"","_kad_post_content_style":"unboxed","_kad_post_vertical_padding":"bottom","_kad_post_feature":"","_kad_post_feature_position":"","_kad_post_header":false,"_kad_post_footer":false,"footnotes":""},"class_list":["post-3","page","type-page","status-publish","hentry"],"_links":{"self":[{"href":"https:\/\/riona.fr\/en\/wp-json\/wp\/v2\/pages\/3","targetHints":{"allow":["GET"]}}],"collection":[{"href":"https:\/\/riona.fr\/en\/wp-json\/wp\/v2\/pages"}],"about":[{"href":"https:\/\/riona.fr\/en\/wp-json\/wp\/v2\/types\/page"}],"author":[{"embeddable":true,"href":"https:\/\/riona.fr\/en\/wp-json\/wp\/v2\/users\/1"}],"replies":[{"embeddable":true,"href":"https:\/\/riona.fr\/en\/wp-json\/wp\/v2\/comments?post=3"}],"version-history":[{"count":0,"href":"https:\/\/riona.fr\/en\/wp-json\/wp\/v2\/pages\/3\/revisions"}],"wp:attachment":[{"href":"https:\/\/riona.fr\/en\/wp-json\/wp\/v2\/media?parent=3"}],"curies":[{"name":"wp","href":"https:\/\/api.w.org\/{rel}","templated":true}]}}