{"id":454,"date":"2024-03-06T16:40:35","date_gmt":"2024-03-06T15:40:35","guid":{"rendered":"https:\/\/riona.fr\/?page_id=454"},"modified":"2025-08-02T11:14:54","modified_gmt":"2025-08-02T09:14:54","slug":"cookies","status":"publish","type":"page","link":"https:\/\/riona.fr\/en\/cookies\/","title":{"rendered":"Cookies"},"content":{"rendered":"<div id=\"cms_content\" class=\"row rte\">\n<div class=\"block-center col-xs-12\">\n<h4>Cookie Policy<\/h4>\n<p>A cookie is a small piece of information that the website you are visiting transfers to your computer for identification purposes. Cookies can be used to track your activity on the website and help us understand your preferences and improve your browsing experience. Cookies are also used for things like your username and password. You can disable all cookies if you prefer not to receive them. You can also configure your computer to warn you each time cookies are used. For both options, you must adjust the settings of your browser (Internet Explorer, Chrome, Mozilla, etc.). Please note that if you have disabled cookies on your computer, the website's performance will be limited and you may not have access to certain features.<\/p>\n<\/div>\n<\/div>","protected":false},"excerpt":{"rendered":"<p>Utilisation des cookies Un cookie est une petite cha\u00eene d&rsquo;informations que le site que vous visitez transf\u00e8re \u00e0 votre ordinateur \u00e0 des fins d&rsquo;identification. Les cookies peuvent \u00eatre utilis\u00e9s pour suivre votre activit\u00e9 sur le site et nous aider \u00e0 comprendre vos pr\u00e9f\u00e9rences et am\u00e9liorer votre exp\u00e9rience de navigation. Les cookies sont \u00e9galement utilis\u00e9s par&#8230;<\/p>","protected":false},"author":1,"featured_media":0,"parent":0,"menu_order":0,"comment_status":"closed","ping_status":"closed","template":"","meta":{"_kad_post_transparent":"","_kad_post_title":"hide","_kad_post_layout":"normal","_kad_post_sidebar_id":"","_kad_post_content_style":"unboxed","_kad_post_vertical_padding":"hide","_kad_post_feature":"","_kad_post_feature_position":"","_kad_post_header":false,"_kad_post_footer":false,"footnotes":""},"class_list":["post-454","page","type-page","status-publish","hentry"],"_links":{"self":[{"href":"https:\/\/riona.fr\/en\/wp-json\/wp\/v2\/pages\/454","targetHints":{"allow":["GET"]}}],"collection":[{"href":"https:\/\/riona.fr\/en\/wp-json\/wp\/v2\/pages"}],"about":[{"href":"https:\/\/riona.fr\/en\/wp-json\/wp\/v2\/types\/page"}],"author":[{"embeddable":true,"href":"https:\/\/riona.fr\/en\/wp-json\/wp\/v2\/users\/1"}],"replies":[{"embeddable":true,"href":"https:\/\/riona.fr\/en\/wp-json\/wp\/v2\/comments?post=454"}],"version-history":[{"count":0,"href":"https:\/\/riona.fr\/en\/wp-json\/wp\/v2\/pages\/454\/revisions"}],"wp:attachment":[{"href":"https:\/\/riona.fr\/en\/wp-json\/wp\/v2\/media?parent=454"}],"curies":[{"name":"wp","href":"https:\/\/api.w.org\/{rel}","templated":true}]}}