{"id":6,"date":"2024-03-04T15:32:42","date_gmt":"2024-03-04T14:32:42","guid":{"rendered":"https:\/\/riona.fr\/index.php\/boutique\/"},"modified":"2025-07-30T22:08:41","modified_gmt":"2025-07-30T20:08:41","slug":"boutique","status":"publish","type":"page","link":"https:\/\/riona.fr\/en\/boutique\/","title":{"rendered":"Contact Press"},"content":{"rendered":"<div class=\"page-width   pageBlock2 custom-padding\">\n<div class=\"regular  resize-true text-center\">\n<div class=\"maison__page-content\">\n<p class=\"maison__page-content__text text-regular-size mb-4\" style=\"text-align: center;\"><strong>Contactez-nous<\/strong> par e-mail :<br \/>\n<a href=\"mailto:contact@riona.fr\"><strong>social@riona.fr<\/strong><\/a><br \/>\nNous r\u00e9pondrons \u00e0 toute demande presse dans les plus brefs d\u00e9lais.<\/p>\n<\/div>\n<\/div>\n<\/div>","protected":false},"excerpt":{"rendered":"<p>Contactez-nous par e-mail : social@riona.fr Nous r\u00e9pondrons \u00e0 toute demande presse dans les plus brefs d\u00e9lais.<\/p>","protected":false},"author":1,"featured_media":0,"parent":0,"menu_order":0,"comment_status":"closed","ping_status":"closed","template":"","meta":{"_kad_post_transparent":"disable","_kad_post_title":"hide","_kad_post_layout":"normal","_kad_post_sidebar_id":"","_kad_post_content_style":"unboxed","_kad_post_vertical_padding":"bottom","_kad_post_feature":"","_kad_post_feature_position":"","_kad_post_header":false,"_kad_post_footer":false,"footnotes":""},"class_list":["post-6","page","type-page","status-publish","hentry"],"_links":{"self":[{"href":"https:\/\/riona.fr\/en\/wp-json\/wp\/v2\/pages\/6","targetHints":{"allow":["GET"]}}],"collection":[{"href":"https:\/\/riona.fr\/en\/wp-json\/wp\/v2\/pages"}],"about":[{"href":"https:\/\/riona.fr\/en\/wp-json\/wp\/v2\/types\/page"}],"author":[{"embeddable":true,"href":"https:\/\/riona.fr\/en\/wp-json\/wp\/v2\/users\/1"}],"replies":[{"embeddable":true,"href":"https:\/\/riona.fr\/en\/wp-json\/wp\/v2\/comments?post=6"}],"version-history":[{"count":0,"href":"https:\/\/riona.fr\/en\/wp-json\/wp\/v2\/pages\/6\/revisions"}],"wp:attachment":[{"href":"https:\/\/riona.fr\/en\/wp-json\/wp\/v2\/media?parent=6"}],"curies":[{"name":"wp","href":"https:\/\/api.w.org\/{rel}","templated":true}]}}