{"id":10,"date":"2024-03-06T16:18:17","date_gmt":"2024-03-06T15:18:17","guid":{"rendered":"https:\/\/riona.fr\/?page_id=10"},"modified":"2025-07-30T22:11:54","modified_gmt":"2025-07-30T20:11:54","slug":"livraisons_retours","status":"publish","type":"page","link":"https:\/\/riona.fr\/fr\/livraisons_retours\/","title":{"rendered":"Livraisons et retours"},"content":{"rendered":"<div class=\"container cf\">\r\n<div id=\"shopify-section-template--19570118721869__main\" class=\"shopify-section page-section-spacing\">\r\n<div class=\"article\">\r\n<div class=\"main-page-block cc-animate-init -in cc-animate-complete\" data-cc-animate=\"\">\r\n<div class=\"page-content\">\r\n<div class=\"rte\">\r\n<p><em><strong>En France M\u00e9tropolitaine<\/strong><\/em><\/p>\r\n<p><strong>Standard<\/strong> : par Colissimo, offerte d\u00e8s 195\u20ac, ou 9\u20ac pour un montant inf\u00e9rieur<\/p>\r\n<p>Livraison \u00e0 domicile contre signature en 2 \u00e0 3 jours ouvr\u00e9s.<\/p>\r\n<p><strong>Express<\/strong> : par DHL, 9\u20ac pour toute commande<\/p>\r\n<p>Livraison \u00e0 domicile contre signature en 1 \u00e0 3 jours ouvr\u00e9s.<\/p>\r\n<p><em><strong>\u00c0 l&rsquo;international\u00a0<\/strong><\/em><\/p>\r\n<p><strong>Europe<\/strong>\u00a0: par DHL, 9\u20ac pour toute commande au sein de l\u2019Union Europ\u00e9enne.<\/p>\r\n<p>Pays Europe desservis :<\/p>\r\n<p>Allemagne, Andorre, Autriche, Belgique, Bulgarie, Croatie, Danemark, Espagne, Estonie, Finlande, Hongrie, Italie, Irlande, Lettonie, Lituanie, Luxembourg, Malte, Monaco, Norv\u00e8ge, Pays-Bas, Portugal, Su\u00e8de, Serbie, Mont\u00e9n\u00e9gro.<\/p>\r\n<p>Livraison \u00e0 domicile contre signature en 2 \u00e0 3 jours ouvr\u00e9s.<\/p>\r\n<h3 class=\"p1\">Conformit\u00e9 de la commande<\/h3>\r\n<p class=\"p1\">Il convient au Client de s&rsquo;assurer, \u00e0 r\u00e9ception du colis, de la conformit\u00e9 des articles.<\/p>\r\n<p class=\"p1\">Toute anomalie concernant l&#8217;emballage ext\u00e9rieur endommag\u00e9, produits d\u00e9t\u00e9rior\u00e9s, produits manquants, doit \u00eatre signal\u00e9 au transporteur.<\/p>\r\n<p class=\"p1\">Tout produit non conforme \u00e0 la commande devra \u00eatre notifi\u00e9 sous 24h par lettre recommand\u00e9e ou par courriel au service client, \u00e0 l&rsquo;adresse suivante : client@riona.fr<\/p>\r\n<p class=\"p1\">RIONA s&rsquo;engage \u00e0 prendre en charge les frais de retours pour tout produit jug\u00e9 non conforme selon les crit\u00e8res de mod\u00e8le, couleur, ou produit d\u00e9fectueux.<\/p>\r\n<p class=\"p1\">Une fois ce d\u00e9lai de prescription \u00e9coul\u00e9, RIONA se d\u00e9gage de toute responsabilit\u00e9.<\/p>\r\n<h3 class=\"p1\">Retours et r\u00e9tractation<\/h3>\r\n<p class=\"p1\">Conform\u00e9ment \u00e0 l&rsquo;article L 121-20 du Code de la consommation, le Client dispose d&rsquo;un d\u00e9lai de 14 jours \u00e0 compter de la r\u00e9ception des articles command\u00e9s pour exercer son droit de r\u00e9tractation sans avoir \u00e0 justifier de motifs ni \u00e0 payer de p\u00e9nalit\u00e9s.<\/p>\r\n<p class=\"p1\">La date du r\u00e9c\u00e9piss\u00e9 de livraison mise \u00e0 disposition par le transporteur constitue la date de d\u00e9part de ce d\u00e9lai de r\u00e9tractation.<\/p>\r\n<p class=\"p1\">Le retour est offert en France M\u00e9tropolitaine \u00e0 hauteur d&rsquo;1 retour par an et par foyer. Pour en b\u00e9n\u00e9ficier, le Client peut adresser sa demande par e-mail \u00e0 client@riona.frs en mentionnant le num\u00e9ro de commande ainsi que ses coordonn\u00e9es.<\/p>\r\n<p class=\"p1\">En cas de retour, le client se doit de garder une preuve de ce retour, d\u00fbment tamponn\u00e9 par la poste. En cas de litige de transport, une preuve de d\u00e9p\u00f4t est obligatoire afin de proc\u00e9der \u00e0 une enqu\u00eate aupr\u00e8s du transporteur.<\/p>\r\n<p class=\"p1\">Le retour depuis tout autre pays que la France est \u00e0 la charge du client. <\/p>\r\n<p class=\"p1\">Les produits doivent \u00eatre non port\u00e9s, non utilis\u00e9s, avec leur \u00e9tiquette, et rendus dans leur emballage d&rsquo;origine et les documents qui l&rsquo;accompagnent.<\/p>\r\n<p class=\"p1\">Les produits endommag\u00e9s, salis, retourn\u00e9s incomplets, ne seront ni repris, ni \u00e9chang\u00e9s, ni rembours\u00e9s.<\/p>\r\n<p class=\"p1\">D\u00e9lai de traitement du retour : 2 \u00e0 3 jours ouvr\u00e9s apr\u00e8s r\u00e9ception des produits.<\/p>\r\n<p class=\"p1\">D\u00e9lai de remboursement : 5 \u00e0 7 jours ouvr\u00e9s.<\/p>\r\n<\/div>\r\n<\/div>\r\n<\/div>\r\n<\/div>\r\n<\/div>\r\n<\/div>\r\n","protected":false},"excerpt":{"rendered":"<p>En France M\u00e9tropolitaine Standard : par Colissimo, offerte d\u00e8s 195\u20ac, ou 9\u20ac pour un montant inf\u00e9rieur Livraison \u00e0 domicile contre signature en 2 \u00e0 3 jours ouvr\u00e9s. Express : par DHL, 9\u20ac pour toute commande Livraison \u00e0 domicile contre signature en 1 \u00e0 3 jours ouvr\u00e9s. \u00c0 l&rsquo;international\u00a0 Europe\u00a0: par DHL, 9\u20ac pour toute commande&#8230;<\/p>\n","protected":false},"author":1,"featured_media":0,"parent":0,"menu_order":0,"comment_status":"closed","ping_status":"closed","template":"","meta":{"_kad_post_transparent":"disable","_kad_post_title":"hide","_kad_post_layout":"normal","_kad_post_sidebar_id":"","_kad_post_content_style":"unboxed","_kad_post_vertical_padding":"bottom","_kad_post_feature":"","_kad_post_feature_position":"","_kad_post_header":false,"_kad_post_footer":false,"footnotes":""},"class_list":["post-10","page","type-page","status-publish","hentry"],"_links":{"self":[{"href":"https:\/\/riona.fr\/fr\/wp-json\/wp\/v2\/pages\/10","targetHints":{"allow":["GET"]}}],"collection":[{"href":"https:\/\/riona.fr\/fr\/wp-json\/wp\/v2\/pages"}],"about":[{"href":"https:\/\/riona.fr\/fr\/wp-json\/wp\/v2\/types\/page"}],"author":[{"embeddable":true,"href":"https:\/\/riona.fr\/fr\/wp-json\/wp\/v2\/users\/1"}],"replies":[{"embeddable":true,"href":"https:\/\/riona.fr\/fr\/wp-json\/wp\/v2\/comments?post=10"}],"version-history":[{"count":2,"href":"https:\/\/riona.fr\/fr\/wp-json\/wp\/v2\/pages\/10\/revisions"}],"predecessor-version":[{"id":1626,"href":"https:\/\/riona.fr\/fr\/wp-json\/wp\/v2\/pages\/10\/revisions\/1626"}],"wp:attachment":[{"href":"https:\/\/riona.fr\/fr\/wp-json\/wp\/v2\/media?parent=10"}],"curies":[{"name":"wp","href":"https:\/\/api.w.org\/{rel}","templated":true}]}}