{"id":452,"date":"2024-03-06T16:39:52","date_gmt":"2024-03-06T15:39:52","guid":{"rendered":"https:\/\/riona.fr\/?page_id=452"},"modified":"2025-07-30T22:07:43","modified_gmt":"2025-07-30T20:07:43","slug":"cgv","status":"publish","type":"page","link":"https:\/\/riona.fr\/fr\/cgv\/","title":{"rendered":"CGV"},"content":{"rendered":"<p>Mise en ligne le 01\/03\/2024<\/p>\n<ol>\n<li>\n<h3>Objet<\/h3>\n<\/li>\n<\/ol>\n<p>Les pr\u00e9sentes conditions g\u00e9n\u00e9rales de ventes visent \u00e0 d\u00e9finir les droits et les obligations de RIONA et du client de produits pr\u00e9sent\u00e9es par RIONA sur son site <a href=\"http:\/\/www.riona.fr\/\">www.riona.fr<\/a>. Elles s\u2019appliquent de fa\u00e7on exclusive entre la soci\u00e9t\u00e9 Riona (SIRET : 0000001) et tout consommateur, personne physique visitant ou effectuant un achat, via ledit site.<\/p>\n<p>Sur le site, RIONA permet au client de commander en ligne des produits de la marque RIOPNA selon les pr\u00e9sentes conditions g\u00e9n\u00e9rales.<\/p>\n<p>Toute commande effectu\u00e9e aupr\u00e8s de RIONA entra\u00eene donc l&rsquo;acceptation sans r\u00e9serve par le Client des pr\u00e9sentes conditions. Les pr\u00e9sentes conditions g\u00e9n\u00e9rales peuvent \u00eatre modifi\u00e9es \u00e0 tout moment et sans pr\u00e9avis par RIONA, les conditions applicables \u00e9tant celles en vigueur \u00e0 la date de la commande par le Client.<\/p>\n<ol start=\"2\">\n<li>\n<h3>Produit et conformit\u00e9<\/h3>\n<\/li>\n<\/ol>\n<p>2.1. Les Produits mis en vente sont pr\u00e9sent\u00e9s sur le site RIONA et assortis d&rsquo;un descriptif.<\/p>\n<p>2.2. Les Produits propos\u00e9s par RIONA sont conformes aux normes applicables en France.<\/p>\n<p>Les \u00e9l\u00e9ments tels que notamment photographies, textes, graphismes ainsi que toutes les informations et caract\u00e9ristiques illustrant et\/ou accompagnant les produits ne sont pas contractuels, ce que le Client reconna\u00eet.<\/p>\n<p>En cons\u00e9quence, RIONA ne saurait encourir la moindre responsabilit\u00e9 en cas d&rsquo;erreur ou d&rsquo;omission de ces \u00e9l\u00e9ments ou en cas de modification desdits \u00e9l\u00e9ments.<\/p>\n<ol start=\"3\">\n<li>\n<h3>Obligation du client<\/h3>\n<\/li>\n<\/ol>\n<p>3.1. Le Client d\u00e9clare \u00eatre \u00e2g\u00e9 d&rsquo;au moins 18 ans et avoir la capacit\u00e9 juridique ou \u00eatre titulaire d&rsquo;une autorisation parentale lui permettant d&rsquo;effectuer une commande sur le Site.<\/p>\n<p>3.2. Le Client s\u2019engage \u00e0 communiquer \u00e0 RIONA les \u00e9l\u00e9ments d\u2019informations r\u00e9els et n\u00e9cessaires \u00e0 la r\u00e9alisation de la prestation objet des pr\u00e9sentes conditions tel que cela lui est demand\u00e9 en ligne et suivant sa situation, notamment ses nom, pr\u00e9nom, adresse, t\u00e9l\u00e9phone et e-mail valide.<\/p>\n<p>Le Client est responsable des cons\u00e9quences d\u00e9coulant d\u2019informations transmises fausses ou inexactes ou dont la reprise serait illicite.<\/p>\n<p>3.3. Une fois la commande pass\u00e9e, RIONA adresse au Client un e-mail lui confirmant celle-ci. Il l\u2019informe de l\u2019envoi des produits.<\/p>\n<p>3.4. Le Client peut modifier ses donn\u00e9es \u00e0 la rubrique \u00ab mon compte \u00bb.<\/p>\n<ol start=\"4\">\n<li>\n<h3>Commande<\/h3>\n<\/li>\n<\/ol>\n<p>4.1. Toute commande ne sera valid\u00e9e qu&rsquo;apr\u00e8s acceptation du paiement.<\/p>\n<p>4.2 RIONA se r\u00e9serve le droit d\u2019annuler ou de refuser une commande en cas de litige avec le Client sur une commande ant\u00e9rieure.<\/p>\n<p>4.3 RIONA peut accepter les commandes dans la limite des stocks disponibles. Il informe le Client de la disponibilit\u00e9 des produits vendus sur le Site au moment de la confirmation de la commande.<\/p>\n<p>Si, en d\u00e9pit de la vigilance de RIONA, les produits sont indisponibles, RIONA en informera le Client par e-mail dans les meilleurs d\u00e9lais. Le Client pourra alors annuler sa commande et se faire rembourser, le cas \u00e9ch\u00e9ant, les sommes d\u00e9j\u00e0 vers\u00e9es.<\/p>\n<p>L&rsquo;indisponibilit\u00e9 d\u00e9finitive ou temporaire ne saurait en aucun cas engager la responsabilit\u00e9 de RIONA, pas plus qu&rsquo;elle ne saurait ouvrir un quelconque droit \u00e0 indemnisation ou dommages et int\u00e9r\u00eats en faveur du Client.<\/p>\n<ol start=\"5\">\n<li>\n<h3>Prix<\/h3>\n<\/li>\n<\/ol>\n<p>5.1. Les prix affich\u00e9s sur le Site sont indiqu\u00e9s en euros toutes taxes fran\u00e7aises comprises (TVA fran\u00e7aise et autres taxes \u00e9ventuellement applicables), hors frais de port, participation aux frais de traitement de commande et frais d&#8217;emballage.<\/p>\n<p>Les frais de port, participation aux frais de traitement de commande et frais d\u2019emballage seront indiqu\u00e9s dans le panier du Client, avant la validation d\u00e9finitive de la commande.<\/p>\n<p>Les prix peuvent \u00eatre modifi\u00e9s \u00e0 tout moment, sans pr\u00e9avis et notamment en cas de changement de donn\u00e9es fiscales ou \u00e9conomiques. Les articles seront factur\u00e9s sur la base des tarifs en vigueur au moment de l&rsquo;enregistrement de la commande.<\/p>\n<ol start=\"6\">\n<li>\n<h3>Livraison<\/h3>\n<\/li>\n<\/ol>\n<p>6.1. RIONA livre ses Produits en France et \u00e0 l\u2019\u00e9tranger (pays de l\u2019Union Europ\u00e9enne uniquement).<\/p>\n<p>Les produits sont exp\u00e9di\u00e9s avec le bon de livraison, \u00e0 l\u2019adresse de livraison indiqu\u00e9e par le Client lors de sa commande. La livraison ne peut \u00eatre effectu\u00e9e ni dans des h\u00f4tels, ni \u00e0 des bo\u00eetes postales. Les d\u00e9lais de livraison indiqu\u00e9s sur le site sont des d\u00e9lais indicatifs, correspondant aux d\u00e9lais moyens de traitement et de livraison. Afin que ces d\u00e9lais soient respect\u00e9es, le Client doit s\u2019assurer d\u2019avoir communiqu\u00e9 des informations exactes et compl\u00e8tes concernant l\u2019adresse de livraison (tels que, notamment : n\u00b0 de rue, de b\u00e2timent, d\u2019escalier, codes d\u2019acc\u00e8s, noms et\/ou num\u00e9ros d\u2019interphone, etc.).<\/p>\n<p>RIONA s&rsquo;engage \u00e0 informer le Client de l&rsquo;\u00e9volution du traitement de sa commande.<\/p>\n<p>En cas de retard de livraison selon les modalit\u00e9s choisies par le Client, le Client a la possibilit\u00e9 de se pr\u00e9valoir des dispositions de l\u2019article L.216-2 du Code de la consommation.<\/p>\n<p>En cas de colis endommag\u00e9s (d\u00e9j\u00e0 ouvert, produits manquants\u2026), le Client s\u2019engage \u00e0 notifier au transporteur et RIONA, par tous moyens, toutes r\u00e9serves dans les 3 jours suivant la r\u00e9ception du produit.<\/p>\n<p>RIONA ne pourra \u00eatre tenu responsable des cons\u00e9quences dues \u00e0 un retard d\u2019acheminement n\u2019\u00e9tant pas de son fait.<\/p>\n<p>&nbsp;<\/p>\n<ol start=\"7\">\n<li>\n<h3>Paiement<\/h3>\n<\/li>\n<\/ol>\n<p>L&rsquo;int\u00e9gralit\u00e9 du paiement doit \u00eatre r\u00e9alis\u00e9e lors de la commande. A aucun moment les sommes vers\u00e9es ne pourront \u00eatre consid\u00e9r\u00e9es comme des arrhes ou des acomptes. Le Client r\u00e8gle sa commande par carte bancaire (Carte Bleue\/Visa\/Mastercard\/e-Carte Bleue) ou par virement bancaire, conform\u00e9ment aux dispositions du pr\u00e9sent article.<\/p>\n<p>RIONA paris n&rsquo;accepte pas le paiement par ch\u00e8que. Le client devra se diriger vers les autres moyens de paiement propos\u00e9s.<\/p>\n<p>Pour toute transaction, le Client indiquera le num\u00e9ro figurant au recto de sa carte, la date d&rsquo;expiration de sa carte et le cryptogramme figurant au verso de sa carte (trois derniers chiffres).<\/p>\n<p>La communication par le Client de son num\u00e9ro de carte bancaire vaut autorisation pour RIONA de d\u00e9biter son compte \u00e0 due concurrence du montant de sa commande.<\/p>\n<p>Aucun envoi en contre-remboursement ne sera accept\u00e9, quel qu&rsquo;en soit le motif.<\/p>\n<p>RIONA conserve la propri\u00e9t\u00e9 de l&rsquo;article jusqu&rsquo;au paiement int\u00e9gral du prix par le Client. Les achats sont r\u00e9alis\u00e9s de mani\u00e8re s\u00e9curis\u00e9e. Les solutions de paiement adopt\u00e9es par RIONA sont 100% s\u00e9curis\u00e9es. Pour les paiements par carte bancaire (Carte Bleue\/Visa\/Mastercard\/e-Carte Bleue), toutes les informations que les Clients communiquent \u00e0 RIONA sont strictement prot\u00e9g\u00e9es et garantissent la conformit\u00e9 et la s\u00e9curisation de chaque transaction.<\/p>\n<ol start=\"8\">\n<li>\n<h3>Retours et remboursements de produits<\/h3>\n<\/li>\n<\/ol>\n<h5>DROIT DE R\u00c9TRACTATION<\/h5>\n<p>Dans un d\u00e9lai de 14 jours \u00e0 compter de la r\u00e9ception de sa commande, le Client pourra demander \u00e0 RIONA le retour du (ou des) Produit(s).<\/p>\n<p>Afin de pouvoir b\u00e9n\u00e9ficier du service de retour, le client s\u2019engage \u00e0 contacter le Service Client RIONA par t\u00e9l\u00e9phone (06.62.00.33.43) ou par mail \u00e0 client@riona.fr.<\/p>\n<p>Le retour se fait aux risques du Client. Le Produit doit \u00eatre retourn\u00e9 dans son emballage d\u2019origine, dans son \u00e9tat d\u2019origine, neuf, non port\u00e9, non lav\u00e9, accompagn\u00e9 si possible du bon de livraison re\u00e7u dans la commande.<\/p>\n<p>Veuillez adresser votre retour \u00e0 l\u2019adresse suivante :<\/p>\n<p>RIONA, France<\/p>\n<p>A d\u00e9faut de respect par le Client des pr\u00e9sentes conditions, notamment des conditions de retour, RIONA ne pourra proc\u00e9der au remboursement ou \u00e0 l&rsquo;\u00e9dition d&rsquo;un avoir pour les Produits concern\u00e9s<\/p>\n<ol start=\"9\">\n<li>\n<h3>Garanties et responsabilit\u00e9s<\/h3>\n<\/li>\n<\/ol>\n<p>RIONA n\u2019a, pour toutes les \u00e9tapes d\u2019acc\u00e8s au site, du processus de commande \u00e0 l\u2019exp\u00e9dition du colis ou des services post\u00e9rieurs, qu\u2019une obligation de moyen. La responsabilit\u00e9 de RIONA ne saurait \u00eatre engag\u00e9e pour tous les inconv\u00e9nients ou dommages inh\u00e9rents \u00e0 l\u2019utilisation du r\u00e9seau internet, notamment une rupture de service, une intrusion ext\u00e9rieure ou la pr\u00e9sence de virus informatiques, ou de tout fait qualifi\u00e9 de force majeure, conform\u00e9ment \u00e0 la loi et \u00e0 la jurisprudence.<\/p>\n<h4>9.1 Propri\u00e9t\u00e9 intellectuelle<\/h4>\n<p>En aucun cas le Client n\u2019est autoris\u00e9 \u00e0 t\u00e9l\u00e9charger ou \u00e0 modifier tout ou une partie du Site et notamment son contenu (produits list\u00e9s, descriptions, images, vid\u00e9os\u2026).<br \/>\nCe Site ou toute partie de ce Site ne doit en aucun cas \u00eatre reproduit, copi\u00e9, vendu ou exploit\u00e9 pour des raisons commerciales sans l\u2019autorisation expresse et \u00e9crite de RIONA.<br \/>\nD\u2019une mani\u00e8re g\u00e9n\u00e9rale, tous les droits d\u2019auteur, marques et autres signes distinctifs et droits de propri\u00e9t\u00e9 ou de propri\u00e9t\u00e9 intellectuelle figurant sur le Site, resteront la propri\u00e9t\u00e9 pleine et enti\u00e8re RIONA.<br \/>\nLe Client est donc tenu au respect des droits de propri\u00e9t\u00e9 intellectuelle et ne pourra aucunement utiliser les marques figurant sur le Site et sur les produits le cas \u00e9ch\u00e9ant, ou d\u00e9poser de marque qui porterait pr\u00e9judice au titulaire des droits, sauf disposition contractuelle contraire.<br \/>\nIl en est de m\u00eame pour tout autre droit de propri\u00e9t\u00e9 intellectuelle.<\/p>\n<h4>9.2 Garanties et responsabilit\u00e9s<\/h4>\n<p>RIONA s\u2019engage \u00e0 n\u2019utiliser les informations confidentielles des Clients que dans le cadre de l\u2019exploitation de son Site.<\/p>\n<p>Pour le bon d\u00e9roulement de la commande, les donn\u00e9es nominatives collect\u00e9es feront l\u2019objet d\u2019un traitement informatique, le Client reconna\u00eet en avoir connaissance.<\/p>\n<p>A ce titre, les informations le concernant peuvent \u00eatre communiqu\u00e9es \u00e0 des prestataires techniques de RIONA.<\/p>\n<p>Par ailleurs, RIONA pourra appliquer des moyens techniques pour obtenir des informations non personnelles relatives aux internautes et destin\u00e9es \u00e0 am\u00e9liorer les fonctionnalit\u00e9s du site, par exemple en tra\u00e7ant le nombre de visiteurs sur certaines pages.<\/p>\n<p>Conform\u00e9ment \u00e0 la loi du 6 janvier 1978 modifi\u00e9e par la loi du 6 ao\u00fbt 2004, le Client dispose d\u2019un droit d\u2019acc\u00e8s et de rectification des donn\u00e9es personnelles le concernant figurant dans les fichiers de RIONA. Toute demande doit \u00eatre adress\u00e9e par e-mail \u00e0 : client@riona.fr ou par courrier \u00e0 l\u2019adresse suivante : RIONA, France.<\/p>\n<p>Ce traitement informatique a fait l\u2019objet d\u2019une d\u00e9claration aupr\u00e8s de la Commission Nationale de l\u2019Informatique et des Libert\u00e9s (CNIL) qui a d\u00e9livr\u00e9 le r\u00e9c\u00e9piss\u00e9 n\u00b0 1517135 v 0 le 29 Juin 2011.<\/p>\n<h4>9.3 Force majeure<\/h4>\n<p>En cas de survenance d\u2019un \u00e9v\u00e9nement de force majeure, la partie concern\u00e9e devra en informer l\u2019autre dans un d\u00e9lai de quinze (15) jours \u00e0 compter de la survenance de cet \u00e9v\u00e9nement, par lettre recommand\u00e9e avec accus\u00e9 de r\u00e9ception.<\/p>\n<p>De fa\u00e7on expresse, sont consid\u00e9r\u00e9s comme cas de force majeure ou cas fortuit, outre ceux habituellement retenus par la jurisprudence des cours et tribunaux fran\u00e7ais, les gr\u00e8ves totales ou partielles, lock-out, \u00e9meute, les boycottages ou autres actions \u00e0 caract\u00e8re industriel ou litiges commerciaux, trouble civil, insurrection, guerre, intemp\u00e9rie, \u00e9pid\u00e9mie, blocage des moyens de transport ou d\u2019approvisionnement pour quelque raison que ce soit, tremblement de terre, incendie, temp\u00eate, inondation, d\u00e9g\u00e2ts des eaux, restrictions gouvernementales ou l\u00e9gales, modifications l\u00e9gales ou r\u00e9glementaires des formes de commercialisation, panne d\u2019ordinateur, blocage des t\u00e9l\u00e9communications, y compris des r\u00e9seaux de t\u00e9l\u00e9communications filaires ou hertziens, et tout autre cas ind\u00e9pendant de la volont\u00e9 des parties emp\u00eachant l\u2019ex\u00e9cution normale de la relation contractuelle.<\/p>\n<p>L\u2019ensemble des obligations des parties seront suspendues pendant toute la dur\u00e9e de l\u2019\u00e9v\u00e9nement de force majeure, sans indemnit\u00e9.<\/p>\n<p>Si l\u2019\u00e9v\u00e9nement de force majeure se prolonge pendant plus de trois (3) mois, le contrat concern\u00e9 pourra \u00eatre r\u00e9sili\u00e9 de plein droit sans indemnit\u00e9 pour l\u2019une ou l\u2019autre des parties.<\/p>\n<h4>9.4 Dispositions g\u00e9n\u00e9rales<\/h4>\n<p>9.4.1 Non validit\u00e9 partielle d\u2019une clause<br \/>\nSi l\u2019une quelconque des stipulations des pr\u00e9sentes conditions est d\u00e9clar\u00e9e nulle ou non opposable par une juridiction comp\u00e9tente, elle sera d\u00e9clar\u00e9e non \u00e9crite et n\u2019entra\u00eenera pas la nullit\u00e9 des autres stipulations.<\/p>\n<p>9.4.2 Actualisation<br \/>\nLes pr\u00e9sentes conditions g\u00e9n\u00e9rales peuvent \u00eatre modifi\u00e9es \u00e0 tout moment et sans pr\u00e9avis par RIONA, les conditions applicables \u00e9tant celles en vigueur \u00e0 la date de la commande par le Client.<br \/>\nLes pr\u00e9sentes conditions g\u00e9n\u00e9rales de vente sont accessibles de fa\u00e7on permanente \u00e0 l&rsquo;adresse suivante : (riona.fr\/cgv) dans un format informatique permettant leur impression et\/ou leur t\u00e9l\u00e9chargement, de mani\u00e8re \u00e0 ce que ce que le Client puisse proc\u00e9der \u00e0 leur reproduction ou \u00e0 leur sauvegarde.<\/p>\n<p>9.4.3 Loi applicable \u2013 Tribunal comp\u00e9tent<br \/>\nLes pr\u00e9sentes conditions g\u00e9n\u00e9rales sont soumises \u00e0 la loi fran\u00e7aise en ce qui concerne les r\u00e8gles de fond comme les r\u00e8gles de forme. Tout litige devra faire l&rsquo;objet d&rsquo;une tentative pr\u00e9alable de r\u00e8glement amiable.<br \/>\nEn l\u2019absence de r\u00e8glement amiable, comp\u00e9tence est attribu\u00e9e aux tribunaux fran\u00e7ais comp\u00e9tents, nonobstant pluralit\u00e9 de d\u00e9fendeurs ou appel en garantie.<\/p>\n<p>9.4.4 Reproduction des textes applicables (ORDONNANCE 2005-136 DU 17 F\u00c9VRIER 2005, CODE DE LA CONSOMMATION, CODE CIVIL)<\/p>\n<p>Art. L. 211-4. du Code de la consommation<\/p>\n<p>Le vendeur est tenu de livrer un bien conforme au contrat et r\u00e9pond des d\u00e9fauts de conformit\u00e9 existant lors de la d\u00e9livrance. Il r\u00e9pond \u00e9galement des d\u00e9fauts de conformit\u00e9 r\u00e9sultant de l&#8217;emballage, des instructions de montage ou de l&rsquo;installation lorsque celle-ci a \u00e9t\u00e9 mise \u00e0 sa charge par le contrat ou a \u00e9t\u00e9 r\u00e9alis\u00e9e sous sa responsabilit\u00e9.<\/p>\n<p>&nbsp;<\/p>\n<p>Art. L. 211-5. du Code de la consommation<\/p>\n<p>&#8211; Pour \u00eatre conforme au contrat, le bien doit :<\/p>\n<p>1\u00b0 Etre propre \u00e0 l&rsquo;usage habituellement attendu d&rsquo;un bien semblable et, le cas \u00e9ch\u00e9ant :<\/p>\n<p>&#8211; correspondre \u00e0 la description donn\u00e9e par le vendeur et poss\u00e9der les qualit\u00e9s que celui-ci a pr\u00e9sent\u00e9es au Client sous forme d&rsquo;\u00e9chantillon ou de mod\u00e8le ;<\/p>\n<p>&#8211; pr\u00e9senter les qualit\u00e9s qu&rsquo;un Client peut l\u00e9gitimement attendre eu \u00e9gard aux d\u00e9clarations publiques faites par le vendeur, par le producteur ou par son repr\u00e9sentant, notamment dans la publicit\u00e9 ou l&rsquo;\u00e9tiquetage ;<\/p>\n<p>2\u00b0 Ou pr\u00e9senter les caract\u00e9ristiques d\u00e9finies d&rsquo;un commun accord par les parties ou \u00eatre propre \u00e0 tout usage sp\u00e9cial recherch\u00e9 par le Client, port\u00e9 \u00e0 la connaissance du vendeur et que ce dernier a accept\u00e9.<\/p>\n<p>&nbsp;<\/p>\n<p>Art. L. 211-12. du Code de la consommation<\/p>\n<p>L&rsquo;action r\u00e9sultant du d\u00e9faut de conformit\u00e9 se prescrit par deux ans \u00e0 compter de la d\u00e9livrance du bien.<\/p>\n<p>&nbsp;<\/p>\n<p>Art. 1641 du Code civil<\/p>\n<p>Le vendeur est tenu de la garantie \u00e0 raison des d\u00e9fauts cach\u00e9s de la chose vendue qui la rendent impropre \u00e0 l&rsquo;usage auquel on la destine, ou qui diminuent tellement cet usage, que le Client ne l&rsquo;aurait pas acquise, ou n&rsquo;en aurait donn\u00e9 qu&rsquo;un moindre prix, s&rsquo;il les avait connus.<\/p>\n<p>&nbsp;<\/p>\n<p>Art. 1648 alin\u00e9a 1 du Code civil<\/p>\n<p>L&rsquo;action r\u00e9sultant des vices r\u00e9dhibitoires doit \u00eatre intent\u00e9e par l&rsquo;acqu\u00e9reur dans un d\u00e9lai de deux ans \u00e0 compter de la d\u00e9couverte du vice.<\/p>\n<p><em>Pour toute question, pouvez contacter RIONA par t\u00e9l\u00e9phone au 06 60 00 33 43 ou par e-mail \u00e0 support@riona.fr<\/em><\/p>\n","protected":false},"excerpt":{"rendered":"<p>Mise en ligne le 01\/03\/2024 Objet Les pr\u00e9sentes conditions g\u00e9n\u00e9rales de ventes visent \u00e0 d\u00e9finir les droits et les obligations de RIONA et du client de produits pr\u00e9sent\u00e9es par RIONA sur son site www.riona.fr. Elles s\u2019appliquent de fa\u00e7on exclusive entre la soci\u00e9t\u00e9 Riona (SIRET : 0000001) et tout consommateur, personne physique visitant ou effectuant un&#8230;<\/p>\n","protected":false},"author":1,"featured_media":0,"parent":0,"menu_order":0,"comment_status":"closed","ping_status":"closed","template":"","meta":{"_kad_post_transparent":"disable","_kad_post_title":"hide","_kad_post_layout":"normal","_kad_post_sidebar_id":"","_kad_post_content_style":"unboxed","_kad_post_vertical_padding":"bottom","_kad_post_feature":"","_kad_post_feature_position":"","_kad_post_header":false,"_kad_post_footer":false,"footnotes":""},"class_list":["post-452","page","type-page","status-publish","hentry"],"_links":{"self":[{"href":"https:\/\/riona.fr\/fr\/wp-json\/wp\/v2\/pages\/452","targetHints":{"allow":["GET"]}}],"collection":[{"href":"https:\/\/riona.fr\/fr\/wp-json\/wp\/v2\/pages"}],"about":[{"href":"https:\/\/riona.fr\/fr\/wp-json\/wp\/v2\/types\/page"}],"author":[{"embeddable":true,"href":"https:\/\/riona.fr\/fr\/wp-json\/wp\/v2\/users\/1"}],"replies":[{"embeddable":true,"href":"https:\/\/riona.fr\/fr\/wp-json\/wp\/v2\/comments?post=452"}],"version-history":[{"count":4,"href":"https:\/\/riona.fr\/fr\/wp-json\/wp\/v2\/pages\/452\/revisions"}],"predecessor-version":[{"id":1621,"href":"https:\/\/riona.fr\/fr\/wp-json\/wp\/v2\/pages\/452\/revisions\/1621"}],"wp:attachment":[{"href":"https:\/\/riona.fr\/fr\/wp-json\/wp\/v2\/media?parent=452"}],"curies":[{"name":"wp","href":"https:\/\/api.w.org\/{rel}","templated":true}]}}