{"id":607,"date":"2024-03-07T15:47:40","date_gmt":"2024-03-07T14:47:40","guid":{"rendered":"https:\/\/riona.fr\/?page_id=607"},"modified":"2025-07-30T22:10:50","modified_gmt":"2025-07-30T20:10:50","slug":"guide-dentretien","status":"publish","type":"page","link":"https:\/\/riona.fr\/fr\/guide-dentretien\/","title":{"rendered":"Guide d&rsquo;entretien"},"content":{"rendered":"<h1 class=\"hero__title\" style=\"text-align: left;\">Comment entretenir ses bijoux en cuir v\u00e9ritable et en acier inoxydable<\/h1>\n<div class=\"rte\">\n<div class=\"container container--medium\">\n<div class=\"rte__content\">\n<p>Les bijoux RIONA sont en acier inoxydable 316L, un m\u00e9tal hypoallerg\u00e9nique et tr\u00e8s r\u00e9sistant. La qualit\u00e9 et la r\u00e9sistance de nos bijoux sont un des grands atouts de notre marque.<\/p>\n<h3>Pourquoi les bijoux oxydent-ils ?<\/h3>\n<p>L\u2019oxydation des bijoux est due \u00e0 multiples facteurs tels que le pH de la peau, de l\u2019air, de produits n\u00e9fastes.<\/p>\n<h3>Les bijoux en acier inoxydable RIONA rouillent-ils ?<\/h3>\n<p>L\u2019acier inoxydable est un mat\u00e9riau reconnu pour sa r\u00e9sistance. Nos bijoux RIONA ne rouillent donc pas, ils sont faits pour vous accompagner au quotidien !<\/p>\n<h3>Les bijoux en acier et l\u2019eau : quel impact ?<\/h3>\n<p>Comme indiqu\u00e9 pr\u00e9c\u00e9demment, l\u2019<strong>acier inoxydable<\/strong> est tr\u00e8s r\u00e9sistant et peut donc tout \u00e0 fait \u00eatre au contact de l\u2019eau sans que le mat\u00e9riau ne change de couleur. Vous pouvez les garder sur vous sans risque !<\/p>\n<h2>Entretenir ses bijoux en acier inoxydable, \u00e9tape par \u00e9tape<\/h2>\n<p>La qualit\u00e9 et la r\u00e9sistance de nos bijoux sont de grands atouts de notre marque : l\u2019acier inoxydable 316L est un m\u00e9tal hypoallerg\u00e9nique et tr\u00e8s r\u00e9sistant, notamment sous l\u2019eau. N\u00e9anmoins, il ne faut pas n\u00e9gliger l\u2019entretien des bijoux et y penser de temps \u00e0 autre. Voici nos conseils pour conserver des bijoux \u00e9clatants :<\/p>\n<ul>\n<li>Nos bijoux peuvent \u00eatre gard\u00e9s sous l\u2019eau (sous la douche, \u00e0 la mer et \u00e0 la piscine) mais rincez-les sous de l\u2019eau claire apr\u00e8s chaque passage : cela permettra de les nettoyer du calcaire, du chlore et du sel, par exemple<\/li>\n<li>Si vous portez vos bijoux tous les jours de l&rsquo;ann\u00e9e, il se peut alors que, d\u00fb au frottement du bijou contre la peau, des surfaces, des v\u00eatements, le mat\u00e9riau soit d\u00e9grad\u00e9. Il est alors pr\u00e9f\u00e9rable de laisser reposer vos bijoux de temps en temps<\/li>\n<li>Lorsque vous ne les portez pas, rangez vos bijoux dans leur pochon ou bo\u00eete, \u00e0 l\u2019abri du soleil &#8211; pour les\u00a0colliers et bracelets, attachez-les et laissez d\u00e9passer le fermoir du pochon afin qu\u2019ils ne s\u2019emm\u00ealent pas<\/li>\n<li>Pour les boucles d\u2019oreilles, nous conseillons de les ranger d\u00e9licatement de sorte \u00e0 ce qu\u2019elles ne se frottent pas entre elles<\/li>\n<li>Nos bijoux sont r\u00e9sistants mais nous d\u00e9conseillons tout de m\u00eame de les mettre au contact de produits cosm\u00e9tiques (parfums, cr\u00e8mes) et m\u00e9nagers (Eau de Javel, savon pour la vaisselle) car cela pourrait nuire au mat\u00e9riau, notamment nos bijoux en pierres naturelles<\/li>\n<li>Pour leur redonner un coup d\u2019\u00e9clat, vous pouvez les nettoyer avec un chiffon doux ou bien avec une chamoisine, un tissu parfait pour cela<\/li>\n<\/ul>\n<p><img decoding=\"async\" class=\"size-full wp-image-608 alignnone lazyload\" data-src=\"http:\/\/riona.fr\/wp-content\/uploads\/2024\/03\/lance-reis-DuRSi6EGopU-unsplash-scaled-e1709822766892.jpg\" alt=\"\" width=\"1706\" height=\"1228\" data-srcset=\"https:\/\/riona.fr\/wp-content\/uploads\/2024\/03\/lance-reis-DuRSi6EGopU-unsplash-scaled-e1709822766892.jpg 1706w, https:\/\/riona.fr\/wp-content\/uploads\/2024\/03\/lance-reis-DuRSi6EGopU-unsplash-scaled-e1709822766892-800x576.jpg 800w, https:\/\/riona.fr\/wp-content\/uploads\/2024\/03\/lance-reis-DuRSi6EGopU-unsplash-scaled-e1709822766892-300x216.jpg 300w, https:\/\/riona.fr\/wp-content\/uploads\/2024\/03\/lance-reis-DuRSi6EGopU-unsplash-scaled-e1709822766892-1024x737.jpg 1024w, https:\/\/riona.fr\/wp-content\/uploads\/2024\/03\/lance-reis-DuRSi6EGopU-unsplash-scaled-e1709822766892-768x553.jpg 768w, https:\/\/riona.fr\/wp-content\/uploads\/2024\/03\/lance-reis-DuRSi6EGopU-unsplash-scaled-e1709822766892-1536x1106.jpg 1536w, https:\/\/riona.fr\/wp-content\/uploads\/2024\/03\/lance-reis-DuRSi6EGopU-unsplash-scaled-e1709822766892-1140x821.jpg 1140w, https:\/\/riona.fr\/wp-content\/uploads\/2024\/03\/lance-reis-DuRSi6EGopU-unsplash-scaled-e1709822766892-920x662.jpg 920w, https:\/\/riona.fr\/wp-content\/uploads\/2024\/03\/lance-reis-DuRSi6EGopU-unsplash-scaled-e1709822766892-575x414.jpg 575w, https:\/\/riona.fr\/wp-content\/uploads\/2024\/03\/lance-reis-DuRSi6EGopU-unsplash-scaled-e1709822766892-380x274.jpg 380w\" data-sizes=\"(max-width: 1706px) 100vw, 1706px\" src=\"data:image\/svg+xml;base64,PHN2ZyB3aWR0aD0iMSIgaGVpZ2h0PSIxIiB4bWxucz0iaHR0cDovL3d3dy53My5vcmcvMjAwMC9zdmciPjwvc3ZnPg==\" style=\"--smush-placeholder-width: 1706px; --smush-placeholder-aspect-ratio: 1706\/1228;\" \/><\/p>\n<\/div>\n<\/div>\n<\/div>\n","protected":false},"excerpt":{"rendered":"<p>Comment entretenir ses bijoux en cuir v\u00e9ritable et en acier inoxydable Les bijoux RIONA sont en acier inoxydable 316L, un m\u00e9tal hypoallerg\u00e9nique et tr\u00e8s r\u00e9sistant. La qualit\u00e9 et la r\u00e9sistance de nos bijoux sont un des grands atouts de notre marque. Pourquoi les bijoux oxydent-ils ? L\u2019oxydation des bijoux est due \u00e0 multiples facteurs tels&#8230;<\/p>\n","protected":false},"author":1,"featured_media":0,"parent":0,"menu_order":0,"comment_status":"closed","ping_status":"closed","template":"","meta":{"_kad_post_transparent":"disable","_kad_post_title":"hide","_kad_post_layout":"normal","_kad_post_sidebar_id":"","_kad_post_content_style":"unboxed","_kad_post_vertical_padding":"bottom","_kad_post_feature":"","_kad_post_feature_position":"","_kad_post_header":false,"_kad_post_footer":false,"footnotes":""},"class_list":["post-607","page","type-page","status-publish","hentry"],"_links":{"self":[{"href":"https:\/\/riona.fr\/fr\/wp-json\/wp\/v2\/pages\/607","targetHints":{"allow":["GET"]}}],"collection":[{"href":"https:\/\/riona.fr\/fr\/wp-json\/wp\/v2\/pages"}],"about":[{"href":"https:\/\/riona.fr\/fr\/wp-json\/wp\/v2\/types\/page"}],"author":[{"embeddable":true,"href":"https:\/\/riona.fr\/fr\/wp-json\/wp\/v2\/users\/1"}],"replies":[{"embeddable":true,"href":"https:\/\/riona.fr\/fr\/wp-json\/wp\/v2\/comments?post=607"}],"version-history":[{"count":3,"href":"https:\/\/riona.fr\/fr\/wp-json\/wp\/v2\/pages\/607\/revisions"}],"predecessor-version":[{"id":1624,"href":"https:\/\/riona.fr\/fr\/wp-json\/wp\/v2\/pages\/607\/revisions\/1624"}],"wp:attachment":[{"href":"https:\/\/riona.fr\/fr\/wp-json\/wp\/v2\/media?parent=607"}],"curies":[{"name":"wp","href":"https:\/\/api.w.org\/{rel}","templated":true}]}}